{"id":608,"date":"2022-09-23T02:58:12","date_gmt":"2022-09-23T02:58:12","guid":{"rendered":"https:\/\/patiotime.loftocean.com\/demo10\/?page_id=608"},"modified":"2025-12-28T22:25:58","modified_gmt":"2025-12-28T22:25:58","slug":"privatisation","status":"publish","type":"page","link":"https:\/\/verra-courbevoie.fr\/pt\/privatisation\/","title":{"rendered":"Privatiza\u00e7\u00e3o"},"content":{"rendered":"<div data-elementor-type=\"wp-page\" data-elementor-id=\"608\" class=\"elementor elementor-608\">\n\t\t\t\t\t\t<section class=\"elementor-section elementor-top-section elementor-element elementor-element-d6a9868 elementor-section-boxed elementor-section-height-default elementor-section-height-default wpr-particle-no wpr-jarallax-no wpr-parallax-no wpr-sticky-section-no\" data-id=\"d6a9868\" data-element_type=\"section\">\n\t\t\t\t\t\t<div class=\"elementor-container elementor-column-gap-no\">\n\t\t\t\t\t<div class=\"elementor-column elementor-col-100 elementor-top-column elementor-element elementor-element-69e1506\" data-id=\"69e1506\" data-element_type=\"column\">\n\t\t\t<div class=\"elementor-widget-wrap elementor-element-populated\">\n\t\t\t\t\t\t<div class=\"elementor-element elementor-element-8e8fc37 elementor-widget elementor-widget-pt_title\" data-id=\"8e8fc37\" data-element_type=\"widget\" data-widget_type=\"pt_title.default\">\n\t\t\t\t<div class=\"elementor-widget-container\">\n\t\t\t\t\t\n        <div class=\"pt-title-wrap text-center\">\t            <h1 class=\"pt-title\">\n\t                Privatiza\u00e7\u00f5es\t            <\/h1>\t            <div class=\"pt-title-text color-white\">\n\t                <p class=\"\" data-start=\"255\" data-end=\"495\">Procura um ambiente acolhedor, elegante e verde para um evento privado ou profissional? Em <strong data-start=\"361\" data-end=\"370\">Verr\u00e4<\/strong>, oferecemos a voc\u00ea <strong data-start=\"395\" data-end=\"422\">privatizar nosso espa\u00e7o<\/strong> para viver uma das suas mais belas experi\u00eancias, num ambiente tranquilo e acolhedor.<\/p><p class=\"\" data-start=\"497\" data-end=\"596\">Nosso restaurante, banhado por luz natural e cuidadosamente decorado, se adapta a todos os seus desejos: Anivers\u00e1rios, Reuni\u00f5es corporativas, Almo\u00e7os ou jantares de grupo, Coquet\u00e9is privados, Lan\u00e7amentos de produtos, Eventos familiares ou entre amigos!<\/p><p class=\"\" data-start=\"760\" data-end=\"950\">N\u00f3s apoiamos voc\u00ea na organiza\u00e7\u00e3o do seu evento, com <strong data-start=\"832\" data-end=\"855\">f\u00f3rmulas personalizadas<\/strong>, cozinha caseira, <strong data-start=\"887\" data-end=\"909\">coquet\u00e9is criativos<\/strong>, e um servi\u00e7o atento a cada detalhe.<\/p>\t            <\/div>        <\/div>\t\t\t\t<\/div>\n\t\t\t\t<\/div>\n\t\t\t\t\t<\/div>\n\t\t<\/div>\n\t\t\t\t\t<\/div>\n\t\t<\/section>\n\t\t\t\t<section class=\"elementor-section elementor-top-section elementor-element elementor-element-a91a717 elementor-section-full_width elementor-reverse-mobile elementor-section-height-default elementor-section-height-default wpr-particle-no wpr-jarallax-no wpr-parallax-no wpr-sticky-section-no\" data-id=\"a91a717\" data-element_type=\"section\" data-settings=\"{&quot;background_background&quot;:&quot;classic&quot;}\">\n\t\t\t\t\t\t<div class=\"elementor-container elementor-column-gap-default\">\n\t\t\t\t\t<div class=\"elementor-column elementor-col-50 elementor-top-column elementor-element elementor-element-73e61b7\" data-id=\"73e61b7\" data-element_type=\"column\">\n\t\t\t<div class=\"elementor-widget-wrap elementor-element-populated\">\n\t\t\t\t\t\t<section class=\"elementor-section elementor-inner-section elementor-element elementor-element-a0142d2 elementor-section-height-min-height elementor-section-content-middle elementor-section-boxed elementor-section-height-default wpr-particle-no wpr-jarallax-no wpr-parallax-no wpr-sticky-section-no\" data-id=\"a0142d2\" data-element_type=\"section\">\n\t\t\t\t\t\t<div class=\"elementor-container elementor-column-gap-default\">\n\t\t\t\t\t<div class=\"elementor-column elementor-col-100 elementor-inner-column elementor-element elementor-element-0449f3a\" data-id=\"0449f3a\" data-element_type=\"column\">\n\t\t\t<div class=\"elementor-widget-wrap elementor-element-populated\">\n\t\t\t\t\t\t<div class=\"elementor-element elementor-element-891af65 elementor-widget elementor-widget-pt_title\" data-id=\"891af65\" data-element_type=\"widget\" data-widget_type=\"pt_title.default\">\n\t\t\t\t<div class=\"elementor-widget-container\">\n\t\t\t\t\t\n        <div class=\"pt-title-wrap\">\t            <h3 class=\"pt-title\">\n\t                Capacidade e disponibilidade\t            <\/h3>\t            <div class=\"pt-title-text\">\n\t                <ul><li class=\"\" data-start=\"984\" data-end=\"1022\"><p class=\"\" data-start=\"986\" data-end=\"1022\">Espa\u00e7o modular de acordo com suas necessidades<\/p><\/li><li class=\"\" data-start=\"1023\" data-end=\"1060\"><p class=\"\" data-start=\"1025\" data-end=\"1060\">Privatiza\u00e7\u00e3o parcial ou total<\/p><\/li><li class=\"\" data-start=\"1061\" data-end=\"1155\"><p class=\"\" data-start=\"1063\" data-end=\"1155\">23 lugares no aconchegante lounge, 58 na varanda, 34 no t\u00e9rreo, 36 no andar de cima e no terra\u00e7o. At\u00e9 200 lugares em regime de privatiza\u00e7\u00e3o total.<\/p><\/li><li class=\"\" data-start=\"1156\" data-end=\"1189\"><p class=\"\" data-start=\"1158\" data-end=\"1189\">Dispon\u00edvel durante o hor\u00e1rio de funcionamento<\/p><\/li><\/ul>\t            <\/div>        <\/div>\t\t\t\t<\/div>\n\t\t\t\t<\/div>\n\t\t\t\t\t<\/div>\n\t\t<\/div>\n\t\t\t\t\t<\/div>\n\t\t<\/section>\n\t\t\t\t\t<\/div>\n\t\t<\/div>\n\t\t\t\t<div class=\"elementor-column elementor-col-50 elementor-top-column elementor-element elementor-element-8d3e191\" data-id=\"8d3e191\" data-element_type=\"column\" data-settings=\"{&quot;background_background&quot;:&quot;classic&quot;}\">\n\t\t\t<div class=\"elementor-widget-wrap elementor-element-populated\">\n\t\t\t\t\t\t<div class=\"elementor-element elementor-element-42512ec elementor-widget elementor-widget-spacer\" data-id=\"42512ec\" data-element_type=\"widget\" data-widget_type=\"spacer.default\">\n\t\t\t\t<div class=\"elementor-widget-container\">\n\t\t\t\t\t\t\t<div class=\"elementor-spacer\">\n\t\t\t<div class=\"elementor-spacer-inner\"><\/div>\n\t\t<\/div>\n\t\t\t\t\t\t<\/div>\n\t\t\t\t<\/div>\n\t\t\t\t\t<\/div>\n\t\t<\/div>\n\t\t\t\t\t<\/div>\n\t\t<\/section>\n\t\t\t\t<section class=\"elementor-section elementor-top-section elementor-element elementor-element-ecc1572 elementor-section-full_width elementor-section-height-default elementor-section-height-default wpr-particle-no wpr-jarallax-no wpr-parallax-no wpr-sticky-section-no\" data-id=\"ecc1572\" data-element_type=\"section\" data-settings=\"{&quot;background_background&quot;:&quot;classic&quot;}\">\n\t\t\t\t\t\t<div class=\"elementor-container elementor-column-gap-default\">\n\t\t\t\t\t<div class=\"elementor-column elementor-col-50 elementor-top-column elementor-element elementor-element-87477cf\" data-id=\"87477cf\" data-element_type=\"column\" data-settings=\"{&quot;background_background&quot;:&quot;classic&quot;}\">\n\t\t\t<div class=\"elementor-widget-wrap elementor-element-populated\">\n\t\t\t\t\t\t<div class=\"elementor-element elementor-element-a6ba159 elementor-widget elementor-widget-spacer\" data-id=\"a6ba159\" data-element_type=\"widget\" data-widget_type=\"spacer.default\">\n\t\t\t\t<div class=\"elementor-widget-container\">\n\t\t\t\t\t\t\t<div class=\"elementor-spacer\">\n\t\t\t<div class=\"elementor-spacer-inner\"><\/div>\n\t\t<\/div>\n\t\t\t\t\t\t<\/div>\n\t\t\t\t<\/div>\n\t\t\t\t\t<\/div>\n\t\t<\/div>\n\t\t\t\t<div class=\"elementor-column elementor-col-50 elementor-top-column elementor-element elementor-element-38e7ee3\" data-id=\"38e7ee3\" data-element_type=\"column\">\n\t\t\t<div class=\"elementor-widget-wrap elementor-element-populated\">\n\t\t\t\t\t\t<section class=\"elementor-section elementor-inner-section elementor-element elementor-element-3bc9b74 elementor-section-height-min-height elementor-section-content-middle elementor-section-boxed elementor-section-height-default wpr-particle-no wpr-jarallax-no wpr-parallax-no wpr-sticky-section-no\" data-id=\"3bc9b74\" data-element_type=\"section\">\n\t\t\t\t\t\t<div class=\"elementor-container elementor-column-gap-default\">\n\t\t\t\t\t<div class=\"elementor-column elementor-col-100 elementor-inner-column elementor-element elementor-element-de2f17a\" data-id=\"de2f17a\" data-element_type=\"column\">\n\t\t\t<div class=\"elementor-widget-wrap elementor-element-populated\">\n\t\t\t\t\t\t<div class=\"elementor-element elementor-element-06f07d6 elementor-widget elementor-widget-pt_title\" data-id=\"06f07d6\" data-element_type=\"widget\" data-widget_type=\"pt_title.default\">\n\t\t\t\t<div class=\"elementor-widget-container\">\n\t\t\t\t\t\n        <div class=\"pt-title-wrap\">\t            <h3 class=\"pt-title\">\n\t                Descubra o nosso folheto\t            <\/h3>\t            <div class=\"pt-title-text\">\n\t                <p>Nossos pratos s\u00e3o preparados com cuidado e paix\u00e3o por nossa equipe de chefs, e usamos apenas produtos frescos e de qualidade para oferecer a voc\u00ea pratos aut\u00eanticos e deliciosos da 100% Maison.<\/p>\t            <\/div>                <div class=\"pt-title-btn\">\n                    <a class=\"button elementor-button-link pt-btn-color-primary pt-btn-outline\" role=\"button\" href=\"http:\/\/verra-courbevoie.fr\/wp-content\/uploads\/2025\/12\/Verra-PRIVATISATION-Plaquette-2025.12.02.pdf\" target=\"_blank\" rel=\"nofollow\">\n                        <span class=\"pt-btn-text\">Consulte o folheto<\/span>\n                    <\/a>\n                <\/div>\n                    <\/div>\t\t\t\t<\/div>\n\t\t\t\t<\/div>\n\t\t\t\t\t<\/div>\n\t\t<\/div>\n\t\t\t\t\t<\/div>\n\t\t<\/section>\n\t\t\t\t\t<\/div>\n\t\t<\/div>\n\t\t\t\t\t<\/div>\n\t\t<\/section>\n\t\t\t\t<section class=\"elementor-section elementor-top-section elementor-element elementor-element-523585db pt-section-content-fullwidth pt-parallax-on-scroll pt_scroll_y_120 elementor-section-boxed elementor-section-height-default elementor-section-height-default wpr-particle-no wpr-jarallax-no wpr-parallax-no wpr-sticky-section-no\" data-id=\"523585db\" data-element_type=\"section\" data-settings=\"{&quot;background_background&quot;:&quot;classic&quot;}\" data-pt-parallax-y=\"120\" style=\"background-image: none;\" data-pt-background-image=\"http:\/\/verra-courbevoie.fr\/wp-content\/uploads\/2025\/11\/Verra-EVENT-Mariage_1-251124.jpg\">\n\t\t\t\t\t\t<div class=\"elementor-container elementor-column-gap-default\">\n\t\t\t\t\t<div class=\"elementor-column elementor-col-100 elementor-top-column elementor-element elementor-element-6aa8e0a4\" data-id=\"6aa8e0a4\" data-element_type=\"column\" data-settings=\"{&quot;background_background&quot;:&quot;classic&quot;}\">\n\t\t\t<div class=\"elementor-widget-wrap elementor-element-populated\">\n\t\t\t\t\t\t<section class=\"elementor-section elementor-inner-section elementor-element elementor-element-310abd37 elementor-section-boxed elementor-section-height-default elementor-section-height-default wpr-particle-no wpr-jarallax-no wpr-parallax-no wpr-sticky-section-no\" data-id=\"310abd37\" data-element_type=\"section\">\n\t\t\t\t\t\t<div class=\"elementor-container elementor-column-gap-no\">\n\t\t\t\t\t<div class=\"elementor-column elementor-col-100 elementor-inner-column elementor-element elementor-element-7bf0c61a\" data-id=\"7bf0c61a\" data-element_type=\"column\">\n\t\t\t<div class=\"elementor-widget-wrap elementor-element-populated\">\n\t\t\t\t\t\t<div class=\"elementor-element elementor-element-3bd6c501 elementor-widget elementor-widget-pt_title\" data-id=\"3bd6c501\" data-element_type=\"widget\" data-widget_type=\"pt_title.default\">\n\t\t\t\t<div class=\"elementor-widget-container\">\n\t\t\t\t\t\n        <div class=\"pt-title-wrap text-center\">\t            <h3 class=\"pt-title\">\n\t                Conte-nos sobre seu projeto\t            <\/h3>\t            <div class=\"pt-title-text\">\n\t                <p>Nossa equipe est\u00e1 aqui para ajudar voc\u00ea a criar um momento que reflita sua personalidade.<br data-start=\"1309\" data-end=\"1312\">Entre em contato conosco atrav\u00e9s do formul\u00e1rio clicando abaixo ou diretamente por e-mail em contact@verra-courbevoie.fr.<\/p>\t            <\/div>                <div class=\"pt-title-btn\">\n                    <a class=\"button elementor-button-link\" role=\"button\" href=\"https:\/\/verra-courbevoie.fr\/pt\/contact\/\">\n                        <span class=\"pt-btn-text\">Contate-nos<\/span>\n                    <\/a>\n                <\/div>\n                    <\/div>\t\t\t\t<\/div>\n\t\t\t\t<\/div>\n\t\t\t\t\t<\/div>\n\t\t<\/div>\n\t\t\t\t\t<\/div>\n\t\t<\/section>\n\t\t\t\t\t<\/div>\n\t\t<\/div>\n\t\t\t\t\t<\/div>\n\t\t<\/section>\n\t\t\t\t<\/div>","protected":false},"excerpt":{"rendered":"<p>Privatisations Vous recherchez un cadre chaleureux, \u00e9l\u00e9gant et verdoyant pour un \u00e9v\u00e9nement priv\u00e9 ou professionnel ? Chez Verr\u00e4, nous vous proposons de privatiser notre espace pour vivre une de vos plus belles exp\u00e9riences, dans une ambiance douce et conviviale. Notre restaurant, baign\u00e9 de lumi\u00e8re naturelle et d\u00e9cor\u00e9 avec soin, s\u2019adapte \u00e0 toutes vos envies : Anniversaires, R\u00e9unions d\u2019entreprise, D\u00e9jeuners ou d\u00eeners de groupe, Cocktails priv\u00e9s, Lancements de produits, \u00c9v\u00e9nements familiaux ou amicaux ! Nous vous accompagnons dans l\u2019organisation de votre \u00e9v\u00e9nement, avec des formules sur-mesure, une cuisine faite maison, des cocktails cr\u00e9atifs, et un service attentif \u00e0 chaque d\u00e9tail. Capacit\u00e9 &amp; Disponibilit\u00e9s Espace modulable selon vos besoins Privatisation partielle ou totale 23 places assises dans le salon cosy, 58 en v\u00e9randa, 34 au rez-de-chauss\u00e9e, 36 \u00e0 l&rsquo;\u00e9tage et sur la terrasse. Jusqu&rsquo;\u00e0 200 places pour une privatisation totale. Disponible pendant les horaires d&rsquo;ouverture D\u00e9couvrir notre plaquette Nos plats sont pr\u00e9par\u00e9s avec soin et passion, par notre \u00e9quipe de chefs, et nous utilisons uniquement des produits frais, et de qualit\u00e9 afin de vous offrir des plats 100% Maison, authentiques et d\u00e9licieux. Consulter La plaquette Faites-nous part de votre projet Notre \u00e9quipe est \u00e0 votre \u00e9coute pour imaginer ensemble un moment \u00e0 votre image.Contactez-nous via le formulaire en cliquant ci-dessous ou directement par mail \u00e0 contact@verra-courbevoie.fr. Nous-Contacter<\/p>","protected":false},"author":1,"featured_media":0,"parent":0,"menu_order":0,"comment_status":"closed","ping_status":"closed","template":"template-wide-content.php","meta":{"inline_featured_image":false,"patiotime_single_page_hide_site_header":"","patiotime_single_page_site_header_source":"","patiotime_single_page_custom_site_header":"0","patiotime_single_page_custom_sticky_site_header":"0","patiotime_single_page_custom_page_title_margin_top_source":"","patiotime_single_page_custom_page_title_desktop_margin_top":"","patiotime_single_page_custom_page_title_tablet_margin_top":"","patiotime_single_page_custom_page_title_mobile_margin_top":"","patiotime_single_page_hide_page_title":"on","patiotime_single_page_header_section_size":"","patiotime_single_page_header_background_color":"","patiotime_single_page_header_background_position_x":"center","patiotime_single_page_header_background_position_y":"center","patiotime_single_page_header_background_size":"cover","patiotime_single_page_header_background_repeat":"off","patiotime_single_page_header_background_scroll":"on","patiotime_single_page_header_text_color":"","patiotime_single_page_header_show_breadcrumb":"","patiotime_single_page_site_footer_hide_main":"","patiotime_single_custom_site_footer_main_source":"","patiotime_single_custom_site_footer_main":"0","patiotime_single_page_site_footer_hide_above":"","patiotime_single_custom_site_footer_above_source":"","patiotime_single_custom_site_footer_above":"0","patiotime_single_page_site_footer_hide_instagram":"","patiotime_single_page_site_footer_hide_bottom":"","patiotime_single_custom_mobile_menu_source":"","patiotime_single_custom_mobile_menu":"0","patiotime_single_custom_mobile_menu_animation":"","patiotime_single_custom_mobile_menu_width":"","patiotime_single_custom_mobile_menu_custom_width":375,"footnotes":""},"class_list":["post-608","page","type-page","status-publish","hentry"],"yoast_head":"<!-- This site is optimized with the Yoast SEO plugin v26.6 - https:\/\/yoast.com\/wordpress\/plugins\/seo\/ -->\n<title>Privatisation - Verr\u00e4 | Bar-Lounge<\/title>\n<meta name=\"robots\" content=\"index, follow, max-snippet:-1, max-image-preview:large, max-video-preview:-1\" \/>\n<link rel=\"canonical\" href=\"https:\/\/verra-courbevoie.fr\/pt\/privatisation\/\" \/>\n<meta property=\"og:locale\" content=\"pt_PT\" \/>\n<meta property=\"og:type\" content=\"article\" \/>\n<meta property=\"og:title\" content=\"Privatisation - Verr\u00e4 | Bar-Lounge\" \/>\n<meta property=\"og:description\" content=\"Privatisations Vous recherchez un cadre chaleureux, \u00e9l\u00e9gant et verdoyant pour un \u00e9v\u00e9nement priv\u00e9 ou professionnel ? Chez Verr\u00e4, nous vous proposons de privatiser notre espace pour vivre une de vos plus belles exp\u00e9riences, dans une ambiance douce et conviviale. Notre restaurant, baign\u00e9 de lumi\u00e8re naturelle et d\u00e9cor\u00e9 avec soin, s\u2019adapte \u00e0 toutes vos envies : Anniversaires, R\u00e9unions d\u2019entreprise, D\u00e9jeuners ou d\u00eeners de groupe, Cocktails priv\u00e9s, Lancements de produits, \u00c9v\u00e9nements familiaux ou amicaux ! Nous vous accompagnons dans l\u2019organisation de votre \u00e9v\u00e9nement, avec des formules sur-mesure, une cuisine faite maison, des cocktails cr\u00e9atifs, et un service attentif \u00e0 chaque d\u00e9tail. Capacit\u00e9 &amp; Disponibilit\u00e9s Espace modulable selon vos besoins Privatisation partielle ou totale 23 places assises dans le salon cosy, 58 en v\u00e9randa, 34 au rez-de-chauss\u00e9e, 36 \u00e0 l&rsquo;\u00e9tage et sur la terrasse. Jusqu&rsquo;\u00e0 200 places pour une privatisation totale. Disponible pendant les horaires d&rsquo;ouverture D\u00e9couvrir notre plaquette Nos plats sont pr\u00e9par\u00e9s avec soin et passion, par notre \u00e9quipe de chefs, et nous utilisons uniquement des produits frais, et de qualit\u00e9 afin de vous offrir des plats 100% Maison, authentiques et d\u00e9licieux. Consulter La plaquette Faites-nous part de votre projet Notre \u00e9quipe est \u00e0 votre \u00e9coute pour imaginer ensemble un moment \u00e0 votre image.Contactez-nous via le formulaire en cliquant ci-dessous ou directement par mail \u00e0 contact@verra-courbevoie.fr. Nous-Contacter\" \/>\n<meta property=\"og:url\" content=\"https:\/\/verra-courbevoie.fr\/pt\/privatisation\/\" \/>\n<meta property=\"og:site_name\" content=\"Verr\u00e4 | Bar-Lounge\" \/>\n<meta property=\"article:modified_time\" content=\"2025-12-28T22:25:58+00:00\" \/>\n<meta name=\"twitter:card\" content=\"summary_large_image\" \/>\n<meta name=\"twitter:label1\" content=\"Tempo estimado de leitura\" \/>\n\t<meta name=\"twitter:data1\" content=\"2 minutos\" \/>\n<script type=\"application\/ld+json\" class=\"yoast-schema-graph\">{\"@context\":\"https:\/\/schema.org\",\"@graph\":[{\"@type\":\"WebPage\",\"@id\":\"https:\/\/verra-courbevoie.fr\/privatisation\/\",\"url\":\"https:\/\/verra-courbevoie.fr\/privatisation\/\",\"name\":\"Privatisation - Verr\u00e4 | Bar-Lounge\",\"isPartOf\":{\"@id\":\"https:\/\/verra-courbevoie.fr\/#website\"},\"datePublished\":\"2022-09-23T02:58:12+00:00\",\"dateModified\":\"2025-12-28T22:25:58+00:00\",\"breadcrumb\":{\"@id\":\"https:\/\/verra-courbevoie.fr\/privatisation\/#breadcrumb\"},\"inLanguage\":\"pt-PT\",\"potentialAction\":[{\"@type\":\"ReadAction\",\"target\":[\"https:\/\/verra-courbevoie.fr\/privatisation\/\"]}]},{\"@type\":\"BreadcrumbList\",\"@id\":\"https:\/\/verra-courbevoie.fr\/privatisation\/#breadcrumb\",\"itemListElement\":[{\"@type\":\"ListItem\",\"position\":1,\"name\":\"Accueil\",\"item\":\"https:\/\/verra-courbevoie.fr\/\"},{\"@type\":\"ListItem\",\"position\":2,\"name\":\"Privatisation\"}]},{\"@type\":\"WebSite\",\"@id\":\"https:\/\/verra-courbevoie.fr\/#website\",\"url\":\"https:\/\/verra-courbevoie.fr\/\",\"name\":\"Verr\u00e4 | Restaurant| Lounge-Bar\",\"description\":\"\",\"publisher\":{\"@id\":\"https:\/\/verra-courbevoie.fr\/#organization\"},\"potentialAction\":[{\"@type\":\"SearchAction\",\"target\":{\"@type\":\"EntryPoint\",\"urlTemplate\":\"https:\/\/verra-courbevoie.fr\/?s={search_term_string}\"},\"query-input\":{\"@type\":\"PropertyValueSpecification\",\"valueRequired\":true,\"valueName\":\"search_term_string\"}}],\"inLanguage\":\"pt-PT\"},{\"@type\":\"Organization\",\"@id\":\"https:\/\/verra-courbevoie.fr\/#organization\",\"name\":\"Verr\u00e4\",\"url\":\"https:\/\/verra-courbevoie.fr\/\",\"logo\":{\"@type\":\"ImageObject\",\"inLanguage\":\"pt-PT\",\"@id\":\"https:\/\/verra-courbevoie.fr\/#\/schema\/logo\/image\/\",\"url\":\"https:\/\/verra-courbevoie.fr\/wp-content\/uploads\/2025\/04\/VERRA_LOGO_LOGOTYPE_COLOR_241218.svg\",\"contentUrl\":\"https:\/\/verra-courbevoie.fr\/wp-content\/uploads\/2025\/04\/VERRA_LOGO_LOGOTYPE_COLOR_241218.svg\",\"width\":262,\"height\":67,\"caption\":\"Verr\u00e4\"},\"image\":{\"@id\":\"https:\/\/verra-courbevoie.fr\/#\/schema\/logo\/image\/\"},\"sameAs\":[\"https:\/\/www.instagram.com\/verra.courbevoie\"]}]}<\/script>\n<!-- \/ Yoast SEO plugin. -->","yoast_head_json":{"title":"Privatisation - Verr\u00e4 | Bar-Lounge","robots":{"index":"index","follow":"follow","max-snippet":"max-snippet:-1","max-image-preview":"max-image-preview:large","max-video-preview":"max-video-preview:-1"},"canonical":"https:\/\/verra-courbevoie.fr\/pt\/privatisation\/","og_locale":"pt_PT","og_type":"article","og_title":"Privatisation - Verr\u00e4 | Bar-Lounge","og_description":"Privatisations Vous recherchez un cadre chaleureux, \u00e9l\u00e9gant et verdoyant pour un \u00e9v\u00e9nement priv\u00e9 ou professionnel ? Chez Verr\u00e4, nous vous proposons de privatiser notre espace pour vivre une de vos plus belles exp\u00e9riences, dans une ambiance douce et conviviale. Notre restaurant, baign\u00e9 de lumi\u00e8re naturelle et d\u00e9cor\u00e9 avec soin, s\u2019adapte \u00e0 toutes vos envies : Anniversaires, R\u00e9unions d\u2019entreprise, D\u00e9jeuners ou d\u00eeners de groupe, Cocktails priv\u00e9s, Lancements de produits, \u00c9v\u00e9nements familiaux ou amicaux ! Nous vous accompagnons dans l\u2019organisation de votre \u00e9v\u00e9nement, avec des formules sur-mesure, une cuisine faite maison, des cocktails cr\u00e9atifs, et un service attentif \u00e0 chaque d\u00e9tail. Capacit\u00e9 &amp; Disponibilit\u00e9s Espace modulable selon vos besoins Privatisation partielle ou totale 23 places assises dans le salon cosy, 58 en v\u00e9randa, 34 au rez-de-chauss\u00e9e, 36 \u00e0 l&rsquo;\u00e9tage et sur la terrasse. Jusqu&rsquo;\u00e0 200 places pour une privatisation totale. Disponible pendant les horaires d&rsquo;ouverture D\u00e9couvrir notre plaquette Nos plats sont pr\u00e9par\u00e9s avec soin et passion, par notre \u00e9quipe de chefs, et nous utilisons uniquement des produits frais, et de qualit\u00e9 afin de vous offrir des plats 100% Maison, authentiques et d\u00e9licieux. Consulter La plaquette Faites-nous part de votre projet Notre \u00e9quipe est \u00e0 votre \u00e9coute pour imaginer ensemble un moment \u00e0 votre image.Contactez-nous via le formulaire en cliquant ci-dessous ou directement par mail \u00e0 contact@verra-courbevoie.fr. Nous-Contacter","og_url":"https:\/\/verra-courbevoie.fr\/pt\/privatisation\/","og_site_name":"Verr\u00e4 | Bar-Lounge","article_modified_time":"2025-12-28T22:25:58+00:00","twitter_card":"summary_large_image","twitter_misc":{"Tempo estimado de leitura":"2 minutos"},"schema":{"@context":"https:\/\/schema.org","@graph":[{"@type":"WebPage","@id":"https:\/\/verra-courbevoie.fr\/privatisation\/","url":"https:\/\/verra-courbevoie.fr\/privatisation\/","name":"Privatisation - Verr\u00e4 | Bar-Lounge","isPartOf":{"@id":"https:\/\/verra-courbevoie.fr\/#website"},"datePublished":"2022-09-23T02:58:12+00:00","dateModified":"2025-12-28T22:25:58+00:00","breadcrumb":{"@id":"https:\/\/verra-courbevoie.fr\/privatisation\/#breadcrumb"},"inLanguage":"pt-PT","potentialAction":[{"@type":"ReadAction","target":["https:\/\/verra-courbevoie.fr\/privatisation\/"]}]},{"@type":"BreadcrumbList","@id":"https:\/\/verra-courbevoie.fr\/privatisation\/#breadcrumb","itemListElement":[{"@type":"ListItem","position":1,"name":"Accueil","item":"https:\/\/verra-courbevoie.fr\/"},{"@type":"ListItem","position":2,"name":"Privatisation"}]},{"@type":"WebSite","@id":"https:\/\/verra-courbevoie.fr\/#website","url":"https:\/\/verra-courbevoie.fr\/","name":"Verra | Restaurante | Lounge-Bar","description":"","publisher":{"@id":"https:\/\/verra-courbevoie.fr\/#organization"},"potentialAction":[{"@type":"SearchAction","target":{"@type":"EntryPoint","urlTemplate":"https:\/\/verra-courbevoie.fr\/?s={search_term_string}"},"query-input":{"@type":"PropertyValueSpecification","valueRequired":true,"valueName":"search_term_string"}}],"inLanguage":"pt-PT"},{"@type":"Organization","@id":"https:\/\/verra-courbevoie.fr\/#organization","name":"Verr\u00e4","url":"https:\/\/verra-courbevoie.fr\/","logo":{"@type":"ImageObject","inLanguage":"pt-PT","@id":"https:\/\/verra-courbevoie.fr\/#\/schema\/logo\/image\/","url":"https:\/\/verra-courbevoie.fr\/wp-content\/uploads\/2025\/04\/VERRA_LOGO_LOGOTYPE_COLOR_241218.svg","contentUrl":"https:\/\/verra-courbevoie.fr\/wp-content\/uploads\/2025\/04\/VERRA_LOGO_LOGOTYPE_COLOR_241218.svg","width":262,"height":67,"caption":"Verr\u00e4"},"image":{"@id":"https:\/\/verra-courbevoie.fr\/#\/schema\/logo\/image\/"},"sameAs":["https:\/\/www.instagram.com\/verra.courbevoie"]}]}},"_links":{"self":[{"href":"https:\/\/verra-courbevoie.fr\/pt\/wp-json\/wp\/v2\/pages\/608","targetHints":{"allow":["GET"]}}],"collection":[{"href":"https:\/\/verra-courbevoie.fr\/pt\/wp-json\/wp\/v2\/pages"}],"about":[{"href":"https:\/\/verra-courbevoie.fr\/pt\/wp-json\/wp\/v2\/types\/page"}],"author":[{"embeddable":true,"href":"https:\/\/verra-courbevoie.fr\/pt\/wp-json\/wp\/v2\/users\/1"}],"replies":[{"embeddable":true,"href":"https:\/\/verra-courbevoie.fr\/pt\/wp-json\/wp\/v2\/comments?post=608"}],"version-history":[{"count":26,"href":"https:\/\/verra-courbevoie.fr\/pt\/wp-json\/wp\/v2\/pages\/608\/revisions"}],"predecessor-version":[{"id":2453,"href":"https:\/\/verra-courbevoie.fr\/pt\/wp-json\/wp\/v2\/pages\/608\/revisions\/2453"}],"wp:attachment":[{"href":"https:\/\/verra-courbevoie.fr\/pt\/wp-json\/wp\/v2\/media?parent=608"}],"curies":[{"name":"wp","href":"https:\/\/api.w.org\/{rel}","templated":true}]}}