{"id":437,"date":"2022-09-20T10:11:11","date_gmt":"2022-09-20T10:11:11","guid":{"rendered":"https:\/\/patiotime.loftocean.com\/demo10\/?page_id=437"},"modified":"2026-04-20T11:12:26","modified_gmt":"2026-04-20T11:12:26","slug":"contact","status":"publish","type":"page","link":"https:\/\/verra-courbevoie.fr\/en\/contact\/","title":{"rendered":"Contact"},"content":{"rendered":"<div data-elementor-type=\"wp-page\" data-elementor-id=\"437\" class=\"elementor elementor-437\">\n\t\t\t\t\t\t<section class=\"elementor-section elementor-top-section elementor-element elementor-element-b35aab3 elementor-section-height-min-height pt-section-content-fullwidth pt-parallax-on-scroll pt_scroll_y_100 elementor-section-boxed elementor-section-height-default elementor-section-items-middle wpr-particle-no wpr-jarallax-no wpr-parallax-no wpr-sticky-section-no wpr-equal-height-no\" data-id=\"b35aab3\" data-element_type=\"section\" data-e-type=\"section\" data-settings=\"{&quot;background_background&quot;:&quot;classic&quot;}\" data-pt-parallax-y=\"100\" style=\"background-image: none;\" data-pt-background-image=\"http:\/\/verra-courbevoie.fr\/wp-content\/uploads\/2026\/04\/Salade-la-parisienne-scaled.jpg\">\n\t\t\t\t\t\t\t<div class=\"elementor-background-overlay\"><\/div>\n\t\t\t\t\t\t\t<div class=\"elementor-container elementor-column-gap-no\">\n\t\t\t\t\t<div class=\"elementor-column elementor-col-100 elementor-top-column elementor-element elementor-element-6a43cd5 dark-color\" data-id=\"6a43cd5\" data-element_type=\"column\" data-e-type=\"column\">\n\t\t\t<div class=\"elementor-widget-wrap elementor-element-populated\">\n\t\t\t\t\t\t<div class=\"elementor-element elementor-element-5737db9 elementor-widget elementor-widget-pt_title\" data-id=\"5737db9\" data-element_type=\"widget\" data-e-type=\"widget\" data-widget_type=\"pt_title.default\">\n\t\t\t\t<div class=\"elementor-widget-container\">\n\t\t\t\t\t\n        <div class=\"pt-title-wrap text-center\">\t            <div class=\"pt-subtitle-wrap\"><span class=\"pt-subtitle color-white\">Find us or contact us<\/span><\/div>\t            <h1 class=\"pt-title\">\n\t                Contact\t            <\/h1>        <\/div>\t\t\t\t<\/div>\n\t\t\t\t<\/div>\n\t\t\t\t\t<\/div>\n\t\t<\/div>\n\t\t\t\t\t<\/div>\n\t\t<\/section>\n\t\t\t\t<section class=\"elementor-section elementor-top-section elementor-element elementor-element-13bd549 elementor-section-boxed elementor-section-height-default elementor-section-height-default wpr-particle-no wpr-jarallax-no wpr-parallax-no wpr-sticky-section-no wpr-equal-height-no\" data-id=\"13bd549\" data-element_type=\"section\" data-e-type=\"section\">\n\t\t\t\t\t\t<div class=\"elementor-container elementor-column-gap-default\">\n\t\t\t\t\t<div class=\"elementor-column elementor-col-50 elementor-top-column elementor-element elementor-element-28a7ebc\" data-id=\"28a7ebc\" data-element_type=\"column\" data-e-type=\"column\">\n\t\t\t<div class=\"elementor-widget-wrap elementor-element-populated\">\n\t\t\t\t\t\t<div class=\"elementor-element elementor-element-05c05ab elementor-widget elementor-widget-pt_title\" data-id=\"05c05ab\" data-element_type=\"widget\" data-e-type=\"widget\" data-widget_type=\"pt_title.default\">\n\t\t\t\t<div class=\"elementor-widget-container\">\n\t\t\t\t\t\n        <div class=\"pt-title-wrap\">\t            <div class=\"pt-subtitle-wrap\"><span class=\"pt-subtitle\">Location<\/span><\/div>\t            <h1 class=\"pt-title color-white\">\n\t                Where to find us\t            <\/h1>\t            <div class=\"pt-title-text\">\n\t                <p>At the Charras Market, near the Courbevoie Shopping Center and the Courbevoie Municipal Swimming Pool.<\/p>\t            <\/div>        <\/div>\t\t\t\t<\/div>\n\t\t\t\t<\/div>\n\t\t\t\t<section class=\"elementor-section elementor-inner-section elementor-element elementor-element-1aa39bd elementor-section-boxed elementor-section-height-default elementor-section-height-default wpr-particle-no wpr-jarallax-no wpr-parallax-no wpr-sticky-section-no wpr-equal-height-no\" data-id=\"1aa39bd\" data-element_type=\"section\" data-e-type=\"section\">\n\t\t\t\t\t\t<div class=\"elementor-container elementor-column-gap-no\">\n\t\t\t\t\t<div class=\"elementor-column elementor-col-100 elementor-inner-column elementor-element elementor-element-9852f97\" data-id=\"9852f97\" data-element_type=\"column\" data-e-type=\"column\">\n\t\t\t<div class=\"elementor-widget-wrap elementor-element-populated\">\n\t\t\t\t\t\t<div class=\"elementor-element elementor-element-9913b99 elementor-widget elementor-widget-pt_title\" data-id=\"9913b99\" data-element_type=\"widget\" data-e-type=\"widget\" data-widget_type=\"pt_title.default\">\n\t\t\t\t<div class=\"elementor-widget-container\">\n\t\t\t\t\t\n        <div class=\"pt-title-wrap\">\t            <h4 class=\"pt-title\">\n\t                Restaurant\t            <\/h4>\t            <div class=\"pt-title-text\">\n\t                <p class=\"text-item-p\">28 Alma Street, <br \/>92400 Courbevoie<\/p><p class=\"text-item-p\"><strong>Such:<\/strong> 01 41 18 71 39<br \/><strong>E-mail:<\/strong> contact@verra-courbevoie.fr<\/p><p><strong>Hours of operation:<\/strong><br \/>Monday 12:00 \u2013 23:00<br \/>Tuesday to Friday 12:00 \u2013 00:00<br \/>Saturday 11:00 \u2013 00:00<br \/>Sunday 9:30 \u2013 17:00<\/p>\t            <\/div>                <div class=\"pt-title-btn\">\n                    <a class=\"button elementor-button-link pt-btn-outline pt-btn-small\" role=\"button\" href=\"https:\/\/www.google.com\/maps\/place\/Verra+Courbevoie\/@48.8929245,2.2779738,13z\/data=!4m6!3m5!1s0x47e66514adf8bb1d:0xcf989d9eef94b724!8m2!3d48.896233!4d2.253495!16s%2Fg%2F11qr6b5r_k?entry=ttu&#038;g_ep=EgoyMDI1MDMzMS4wIKXMDSoASAFQAw%3D%3D\" target=\"_blank\">\n                        <span class=\"pt-btn-text\">See the Itinerary<\/span>\n                    <\/a>\n                <\/div>\n                    <\/div>\t\t\t\t<\/div>\n\t\t\t\t<\/div>\n\t\t\t\t\t<\/div>\n\t\t<\/div>\n\t\t\t\t\t<\/div>\n\t\t<\/section>\n\t\t\t\t\t<\/div>\n\t\t<\/div>\n\t\t\t\t<div class=\"elementor-column elementor-col-50 elementor-top-column elementor-element elementor-element-296df8e\" data-id=\"296df8e\" data-element_type=\"column\" data-e-type=\"column\">\n\t\t\t<div class=\"elementor-widget-wrap elementor-element-populated\">\n\t\t\t\t\t\t<div class=\"elementor-element elementor-element-77e4daa elementor-widget elementor-widget-image\" data-id=\"77e4daa\" data-element_type=\"widget\" data-e-type=\"widget\" data-widget_type=\"image.default\">\n\t\t\t\t<div class=\"elementor-widget-container\">\n\t\t\t\t\t\t\t\t\t\t\t\t\t\t\t<img fetchpriority=\"high\" decoding=\"async\" width=\"1200\" height=\"1598\" src=\"https:\/\/verra-courbevoie.fr\/wp-content\/uploads\/2026\/04\/PLUMA-IBERIQUE-1-1200x1598.jpg\" class=\"attachment-patiotime_1200x9999 size-patiotime_1200x9999 wp-image-2862\" alt=\"\" srcset=\"https:\/\/verra-courbevoie.fr\/wp-content\/uploads\/2026\/04\/PLUMA-IBERIQUE-1-1200x1598.jpg 1200w, https:\/\/verra-courbevoie.fr\/wp-content\/uploads\/2026\/04\/PLUMA-IBERIQUE-1-225x300.jpg 225w, https:\/\/verra-courbevoie.fr\/wp-content\/uploads\/2026\/04\/PLUMA-IBERIQUE-1-769x1024.jpg 769w, https:\/\/verra-courbevoie.fr\/wp-content\/uploads\/2026\/04\/PLUMA-IBERIQUE-1-768x1023.jpg 768w, https:\/\/verra-courbevoie.fr\/wp-content\/uploads\/2026\/04\/PLUMA-IBERIQUE-1-1153x1536.jpg 1153w, https:\/\/verra-courbevoie.fr\/wp-content\/uploads\/2026\/04\/PLUMA-IBERIQUE-1-1538x2048.jpg 1538w, https:\/\/verra-courbevoie.fr\/wp-content\/uploads\/2026\/04\/PLUMA-IBERIQUE-1-9x12.jpg 9w, https:\/\/verra-courbevoie.fr\/wp-content\/uploads\/2026\/04\/PLUMA-IBERIQUE-1-1920x2557.jpg 1920w, https:\/\/verra-courbevoie.fr\/wp-content\/uploads\/2026\/04\/PLUMA-IBERIQUE-1-1440x1918.jpg 1440w, https:\/\/verra-courbevoie.fr\/wp-content\/uploads\/2026\/04\/PLUMA-IBERIQUE-1-780x1039.jpg 780w, https:\/\/verra-courbevoie.fr\/wp-content\/uploads\/2026\/04\/PLUMA-IBERIQUE-1-600x799.jpg 600w, https:\/\/verra-courbevoie.fr\/wp-content\/uploads\/2026\/04\/PLUMA-IBERIQUE-1-550x732.jpg 550w, https:\/\/verra-courbevoie.fr\/wp-content\/uploads\/2026\/04\/PLUMA-IBERIQUE-1-370x493.jpg 370w, https:\/\/verra-courbevoie.fr\/wp-content\/uploads\/2026\/04\/PLUMA-IBERIQUE-1-255x340.jpg 255w, https:\/\/verra-courbevoie.fr\/wp-content\/uploads\/2026\/04\/PLUMA-IBERIQUE-1-scaled.jpg 1922w\" sizes=\"(max-width: 1200px) 100vw, 1200px\" \/>\t\t\t\t\t\t\t\t\t\t\t\t\t\t\t<\/div>\n\t\t\t\t<\/div>\n\t\t\t\t\t<\/div>\n\t\t<\/div>\n\t\t\t\t\t<\/div>\n\t\t<\/section>\n\t\t\t\t<section class=\"elementor-section elementor-top-section elementor-element elementor-element-3993a0bd elementor-section-full_width elementor-section-content-middle elementor-section-height-default elementor-section-height-default wpr-particle-no wpr-jarallax-no wpr-parallax-no wpr-sticky-section-no wpr-equal-height-no\" data-id=\"3993a0bd\" data-element_type=\"section\" data-e-type=\"section\" data-settings=\"{&quot;background_background&quot;:&quot;classic&quot;}\">\n\t\t\t\t\t\t<div class=\"elementor-container elementor-column-gap-no\">\n\t\t\t\t\t<div class=\"elementor-column elementor-col-50 elementor-top-column elementor-element elementor-element-42cabc65\" data-id=\"42cabc65\" data-element_type=\"column\" data-e-type=\"column\" data-settings=\"{&quot;background_background&quot;:&quot;classic&quot;}\">\n\t\t\t<div class=\"elementor-widget-wrap elementor-element-populated\">\n\t\t\t\t\t\t<div class=\"elementor-element elementor-element-5c4cf460 elementor-widget elementor-widget-spacer\" data-id=\"5c4cf460\" data-element_type=\"widget\" data-e-type=\"widget\" data-widget_type=\"spacer.default\">\n\t\t\t\t<div class=\"elementor-widget-container\">\n\t\t\t\t\t\t\t<div class=\"elementor-spacer\">\n\t\t\t<div class=\"elementor-spacer-inner\"><\/div>\n\t\t<\/div>\n\t\t\t\t\t\t<\/div>\n\t\t\t\t<\/div>\n\t\t\t\t\t<\/div>\n\t\t<\/div>\n\t\t\t\t<div class=\"elementor-column elementor-col-50 elementor-top-column elementor-element elementor-element-215fd385\" data-id=\"215fd385\" data-element_type=\"column\" data-e-type=\"column\" data-settings=\"{&quot;background_background&quot;:&quot;classic&quot;}\">\n\t\t\t<div class=\"elementor-widget-wrap elementor-element-populated\">\n\t\t\t\t\t\t<section class=\"elementor-section elementor-inner-section elementor-element elementor-element-40c49d1e elementor-section-boxed elementor-section-height-default elementor-section-height-default wpr-particle-no wpr-jarallax-no wpr-parallax-no wpr-sticky-section-no wpr-equal-height-no\" data-id=\"40c49d1e\" data-element_type=\"section\" data-e-type=\"section\" data-settings=\"{&quot;background_background&quot;:&quot;classic&quot;}\">\n\t\t\t\t\t\t<div class=\"elementor-container elementor-column-gap-no\">\n\t\t\t\t\t<div class=\"elementor-column elementor-col-100 elementor-inner-column elementor-element elementor-element-73d588e9\" data-id=\"73d588e9\" data-element_type=\"column\" data-e-type=\"column\" data-settings=\"{&quot;background_background&quot;:&quot;classic&quot;}\">\n\t\t\t<div class=\"elementor-widget-wrap elementor-element-populated\">\n\t\t\t\t\t\t<div class=\"elementor-element elementor-element-3dce4ceb elementor-widget elementor-widget-pt_title\" data-id=\"3dce4ceb\" data-element_type=\"widget\" data-e-type=\"widget\" data-widget_type=\"pt_title.default\">\n\t\t\t\t<div class=\"elementor-widget-container\">\n\t\t\t\t\t\n        <div class=\"pt-title-wrap text-center\">\t            <h5 class=\"pt-title\">\n\t                Contact Us\t            <\/h5>\t            <div class=\"pt-title-text\">\n\t                <p>Send us a message<\/p>\t            <\/div>        <\/div>\t\t\t\t<\/div>\n\t\t\t\t<\/div>\n\t\t\t\t<div class=\"elementor-element elementor-element-1a0a767e elementor-widget elementor-widget-pt_form_cf7\" data-id=\"1a0a767e\" data-element_type=\"widget\" data-e-type=\"widget\" data-widget_type=\"pt_form_cf7.default\">\n\t\t\t\t<div class=\"elementor-widget-container\">\n\t\t\t\t\t            <div class=\"pt-form-cf7 placeholder-normal\">\n                <div class=\"pt-form-cf7-wrap\">\n<div class=\"wpcf7 no-js\" id=\"wpcf7-f11-o1\" lang=\"fr-FR\" dir=\"ltr\" data-wpcf7-id=\"11\">\n<div class=\"screen-reader-response\"><p role=\"status\" aria-live=\"polite\" aria-atomic=\"true\"><\/p> <ul><\/ul><\/div>\n<form action=\"\/en\/wp-json\/wp\/v2\/pages\/437#wpcf7-f11-o1\" method=\"post\" class=\"wpcf7-form init\" aria-label=\"Contact form\" novalidate=\"novalidate\" data-status=\"init\" data-trp-original-action=\"\/en\/wp-json\/wp\/v2\/pages\/437#wpcf7-f11-o1\">\n<fieldset class=\"hidden-fields-container\"><input type=\"hidden\" name=\"_wpcf7\" value=\"11\" \/><input type=\"hidden\" name=\"_wpcf7_version\" value=\"6.1.4\" \/><input type=\"hidden\" name=\"_wpcf7_locale\" value=\"fr_FR\" \/><input type=\"hidden\" name=\"_wpcf7_unit_tag\" value=\"wpcf7-f11-o1\" \/><input type=\"hidden\" name=\"_wpcf7_container_post\" value=\"0\" \/><input type=\"hidden\" name=\"_wpcf7_posted_data_hash\" value=\"\" \/>\n<\/fieldset>\n<p><label> Your name<br \/>\n<span class=\"wpcf7-form-control-wrap\" data-name=\"your-name\"><input size=\"40\" maxlength=\"400\" class=\"wpcf7-form-control wpcf7-text wpcf7-validates-as-required\" autocomplete=\"name\" aria-required=\"true\" aria-invalid=\"false\" value=\"\" type=\"text\" name=\"your-name\" \/><\/span> <\/label>\n<\/p>\n<p><label> Your email<br \/>\n<span class=\"wpcf7-form-control-wrap\" data-name=\"your-email\"><input size=\"40\" maxlength=\"400\" class=\"wpcf7-form-control wpcf7-email wpcf7-validates-as-required wpcf7-text wpcf7-validates-as-email\" autocomplete=\"email\" aria-required=\"true\" aria-invalid=\"false\" value=\"\" type=\"email\" name=\"your-email\" \/><\/span> <\/label>\n<\/p>\n<p><label> Object<br \/>\n<span class=\"wpcf7-form-control-wrap\" data-name=\"your-subject\"><input size=\"40\" maxlength=\"400\" class=\"wpcf7-form-control wpcf7-text wpcf7-validates-as-required\" aria-required=\"true\" aria-invalid=\"false\" value=\"\" type=\"text\" name=\"your-subject\" \/><\/span> <\/label>\n<\/p>\n<p><label> Your message<br \/>\n<span class=\"wpcf7-form-control-wrap\" data-name=\"your-message\"><textarea cols=\"40\" rows=\"10\" maxlength=\"2000\" class=\"wpcf7-form-control wpcf7-textarea\" aria-invalid=\"false\" name=\"your-message\"><\/textarea><\/span> <\/label>\n<\/p>\n<p><input class=\"wpcf7-form-control wpcf7-submit has-spinner\" type=\"submit\" value=\"Send\" \/>\n<\/p><div class=\"wpcf7-response-output\" aria-hidden=\"true\"><\/div>\n<input type=\"hidden\" name=\"trp-form-language\" value=\"en\"\/><\/form>\n<\/div>\n<\/div>\n            <\/div>\t\t\t\t<\/div>\n\t\t\t\t<\/div>\n\t\t\t\t\t<\/div>\n\t\t<\/div>\n\t\t\t\t\t<\/div>\n\t\t<\/section>\n\t\t\t\t\t<\/div>\n\t\t<\/div>\n\t\t\t\t\t<\/div>\n\t\t<\/section>\n\t\t\t\t<\/div>","protected":false},"excerpt":{"rendered":"<p>Trouvez-nous ou contactez-nous Contact Localisation O\u00f9 nous trouver Au March\u00e9 Charras, \u00e0 proximit\u00e9 du Centre Commercial de Courbevoie et de la Piscine Municipale de Courbevoie. Restaurant 28 Rue de l&rsquo;Alma, 92400 Courbevoie T\u00e9l: 01 41 18 71 39Email: contact@verra-courbevoie.fr Horaires d&rsquo;Ouverture:Lundi 12:00 &#8211; 23:00Mardi au Vendredi 12:00 &#8211; 00:00Samedi 11:00 &#8211; 00:00Dimanche 9:30 &#8211; 17:00 Voir l&rsquo;Itin\u00e9raire Nous Contacter Envoyez-nous un message Votre nom Votre e-mail Objet Votre message<\/p>","protected":false},"author":1,"featured_media":0,"parent":0,"menu_order":0,"comment_status":"closed","ping_status":"closed","template":"template-wide-content.php","meta":{"inline_featured_image":false,"patiotime_single_page_hide_site_header":"","patiotime_single_page_site_header_source":"","patiotime_single_page_custom_site_header":"0","patiotime_single_page_custom_sticky_site_header":"0","patiotime_single_page_custom_page_title_margin_top_source":"","patiotime_single_page_custom_page_title_desktop_margin_top":"","patiotime_single_page_custom_page_title_tablet_margin_top":"","patiotime_single_page_custom_page_title_mobile_margin_top":"","patiotime_single_page_hide_page_title":"on","patiotime_single_page_header_section_size":"","patiotime_single_page_header_background_color":"","patiotime_single_page_header_background_position_x":"center","patiotime_single_page_header_background_position_y":"center","patiotime_single_page_header_background_size":"cover","patiotime_single_page_header_background_repeat":"off","patiotime_single_page_header_background_scroll":"on","patiotime_single_page_header_text_color":"","patiotime_single_page_header_show_breadcrumb":"","patiotime_single_page_site_footer_hide_main":"","patiotime_single_custom_site_footer_main_source":"","patiotime_single_custom_site_footer_main":"0","patiotime_single_page_site_footer_hide_above":"","patiotime_single_custom_site_footer_above_source":"","patiotime_single_custom_site_footer_above":"0","patiotime_single_page_site_footer_hide_instagram":"","patiotime_single_page_site_footer_hide_bottom":"","patiotime_single_custom_mobile_menu_source":"","patiotime_single_custom_mobile_menu":"0","patiotime_single_custom_mobile_menu_animation":"","patiotime_single_custom_mobile_menu_width":"","patiotime_single_custom_mobile_menu_custom_width":375,"footnotes":""},"class_list":["post-437","page","type-page","status-publish","hentry"],"yoast_head":"<!-- This site is optimized with the Yoast SEO plugin v26.6 - https:\/\/yoast.com\/wordpress\/plugins\/seo\/ -->\n<title>Contact - Verr\u00e4 | Bar-Lounge<\/title>\n<meta name=\"description\" content=\"Contactez Verr\u00e4 pour toute demande ou r\u00e9servation. Notre \u00e9quipe est \u00e0 votre \u00e9coute pour vous offrir une exp\u00e9rience inoubliable.\" \/>\n<meta name=\"robots\" content=\"index, follow, max-snippet:-1, max-image-preview:large, max-video-preview:-1\" \/>\n<link rel=\"canonical\" href=\"https:\/\/verra-courbevoie.fr\/en\/contact\/\" \/>\n<meta property=\"og:locale\" content=\"en_US\" \/>\n<meta property=\"og:type\" content=\"article\" \/>\n<meta property=\"og:title\" content=\"Contact - Verr\u00e4 | Bar-Lounge\" \/>\n<meta property=\"og:description\" content=\"Contactez Verr\u00e4 pour toute demande ou r\u00e9servation. Notre \u00e9quipe est \u00e0 votre \u00e9coute pour vous offrir une exp\u00e9rience inoubliable.\" \/>\n<meta property=\"og:url\" content=\"https:\/\/verra-courbevoie.fr\/en\/contact\/\" \/>\n<meta property=\"og:site_name\" content=\"Verr\u00e4 | Bar-Lounge\" \/>\n<meta property=\"article:modified_time\" content=\"2026-04-20T11:12:26+00:00\" \/>\n<meta property=\"og:image\" content=\"http:\/\/verra-courbevoie.fr\/wp-content\/uploads\/2026\/04\/PLUMA-IBERIQUE-1-1200x1598.jpg\" \/>\n<meta name=\"twitter:card\" content=\"summary_large_image\" \/>\n<meta name=\"twitter:label1\" content=\"Est. reading time\" \/>\n\t<meta name=\"twitter:data1\" content=\"1 minute\" \/>\n<script type=\"application\/ld+json\" class=\"yoast-schema-graph\">{\"@context\":\"https:\/\/schema.org\",\"@graph\":[{\"@type\":\"WebPage\",\"@id\":\"https:\/\/verra-courbevoie.fr\/contact\/\",\"url\":\"https:\/\/verra-courbevoie.fr\/contact\/\",\"name\":\"Contact - Verr\u00e4 | Bar-Lounge\",\"isPartOf\":{\"@id\":\"https:\/\/verra-courbevoie.fr\/#website\"},\"primaryImageOfPage\":{\"@id\":\"https:\/\/verra-courbevoie.fr\/contact\/#primaryimage\"},\"image\":{\"@id\":\"https:\/\/verra-courbevoie.fr\/contact\/#primaryimage\"},\"thumbnailUrl\":\"http:\/\/verra-courbevoie.fr\/wp-content\/uploads\/2026\/04\/PLUMA-IBERIQUE-1-1200x1598.jpg\",\"datePublished\":\"2022-09-20T10:11:11+00:00\",\"dateModified\":\"2026-04-20T11:12:26+00:00\",\"description\":\"Contactez Verr\u00e4 pour toute demande ou r\u00e9servation. Notre \u00e9quipe est \u00e0 votre \u00e9coute pour vous offrir une exp\u00e9rience inoubliable.\",\"breadcrumb\":{\"@id\":\"https:\/\/verra-courbevoie.fr\/contact\/#breadcrumb\"},\"inLanguage\":\"en-US\",\"potentialAction\":[{\"@type\":\"ReadAction\",\"target\":[\"https:\/\/verra-courbevoie.fr\/contact\/\"]}]},{\"@type\":\"ImageObject\",\"inLanguage\":\"en-US\",\"@id\":\"https:\/\/verra-courbevoie.fr\/contact\/#primaryimage\",\"url\":\"http:\/\/verra-courbevoie.fr\/wp-content\/uploads\/2026\/04\/PLUMA-IBERIQUE-1-1200x1598.jpg\",\"contentUrl\":\"http:\/\/verra-courbevoie.fr\/wp-content\/uploads\/2026\/04\/PLUMA-IBERIQUE-1-1200x1598.jpg\"},{\"@type\":\"BreadcrumbList\",\"@id\":\"https:\/\/verra-courbevoie.fr\/contact\/#breadcrumb\",\"itemListElement\":[{\"@type\":\"ListItem\",\"position\":1,\"name\":\"Accueil\",\"item\":\"https:\/\/verra-courbevoie.fr\/\"},{\"@type\":\"ListItem\",\"position\":2,\"name\":\"Contact\"}]},{\"@type\":\"WebSite\",\"@id\":\"https:\/\/verra-courbevoie.fr\/#website\",\"url\":\"https:\/\/verra-courbevoie.fr\/\",\"name\":\"Verr\u00e4 | Restaurant| Lounge-Bar\",\"description\":\"\",\"publisher\":{\"@id\":\"https:\/\/verra-courbevoie.fr\/#organization\"},\"potentialAction\":[{\"@type\":\"SearchAction\",\"target\":{\"@type\":\"EntryPoint\",\"urlTemplate\":\"https:\/\/verra-courbevoie.fr\/?s={search_term_string}\"},\"query-input\":{\"@type\":\"PropertyValueSpecification\",\"valueRequired\":true,\"valueName\":\"search_term_string\"}}],\"inLanguage\":\"en-US\"},{\"@type\":\"Organization\",\"@id\":\"https:\/\/verra-courbevoie.fr\/#organization\",\"name\":\"Verr\u00e4\",\"url\":\"https:\/\/verra-courbevoie.fr\/\",\"logo\":{\"@type\":\"ImageObject\",\"inLanguage\":\"en-US\",\"@id\":\"https:\/\/verra-courbevoie.fr\/#\/schema\/logo\/image\/\",\"url\":\"https:\/\/verra-courbevoie.fr\/wp-content\/uploads\/2025\/04\/VERRA_LOGO_LOGOTYPE_COLOR_241218.svg\",\"contentUrl\":\"https:\/\/verra-courbevoie.fr\/wp-content\/uploads\/2025\/04\/VERRA_LOGO_LOGOTYPE_COLOR_241218.svg\",\"width\":262,\"height\":67,\"caption\":\"Verr\u00e4\"},\"image\":{\"@id\":\"https:\/\/verra-courbevoie.fr\/#\/schema\/logo\/image\/\"},\"sameAs\":[\"https:\/\/www.instagram.com\/verra.courbevoie\"]}]}<\/script>\n<!-- \/ Yoast SEO plugin. -->","yoast_head_json":{"title":"Contact - Verr\u00e4 | Bar-Lounge","description":"Contact Verr\u00e4 for any inquiries or reservations. Our team is ready to help you achieve an unforgettable experience.","robots":{"index":"index","follow":"follow","max-snippet":"max-snippet:-1","max-image-preview":"max-image-preview:large","max-video-preview":"max-video-preview:-1"},"canonical":"https:\/\/verra-courbevoie.fr\/en\/contact\/","og_locale":"en_US","og_type":"article","og_title":"Contact - Verr\u00e4 | Bar-Lounge","og_description":"Contactez Verr\u00e4 pour toute demande ou r\u00e9servation. Notre \u00e9quipe est \u00e0 votre \u00e9coute pour vous offrir une exp\u00e9rience inoubliable.","og_url":"https:\/\/verra-courbevoie.fr\/en\/contact\/","og_site_name":"Verr\u00e4 | Bar-Lounge","article_modified_time":"2026-04-20T11:12:26+00:00","og_image":[{"url":"http:\/\/verra-courbevoie.fr\/wp-content\/uploads\/2026\/04\/PLUMA-IBERIQUE-1-1200x1598.jpg","type":"","width":"","height":""}],"twitter_card":"summary_large_image","twitter_misc":{"Est. reading time":"1 minute"},"schema":{"@context":"https:\/\/schema.org","@graph":[{"@type":"WebPage","@id":"https:\/\/verra-courbevoie.fr\/contact\/","url":"https:\/\/verra-courbevoie.fr\/contact\/","name":"Contact - Verr\u00e4 | Bar-Lounge","isPartOf":{"@id":"https:\/\/verra-courbevoie.fr\/#website"},"primaryImageOfPage":{"@id":"https:\/\/verra-courbevoie.fr\/contact\/#primaryimage"},"image":{"@id":"https:\/\/verra-courbevoie.fr\/contact\/#primaryimage"},"thumbnailUrl":"http:\/\/verra-courbevoie.fr\/wp-content\/uploads\/2026\/04\/PLUMA-IBERIQUE-1-1200x1598.jpg","datePublished":"2022-09-20T10:11:11+00:00","dateModified":"2026-04-20T11:12:26+00:00","description":"Contact Verr\u00e4 for any inquiries or reservations. Our team is ready to help you achieve an unforgettable experience.","breadcrumb":{"@id":"https:\/\/verra-courbevoie.fr\/contact\/#breadcrumb"},"inLanguage":"en-US","potentialAction":[{"@type":"ReadAction","target":["https:\/\/verra-courbevoie.fr\/contact\/"]}]},{"@type":"ImageObject","inLanguage":"en-US","@id":"https:\/\/verra-courbevoie.fr\/contact\/#primaryimage","url":"http:\/\/verra-courbevoie.fr\/wp-content\/uploads\/2026\/04\/PLUMA-IBERIQUE-1-1200x1598.jpg","contentUrl":"http:\/\/verra-courbevoie.fr\/wp-content\/uploads\/2026\/04\/PLUMA-IBERIQUE-1-1200x1598.jpg"},{"@type":"BreadcrumbList","@id":"https:\/\/verra-courbevoie.fr\/contact\/#breadcrumb","itemListElement":[{"@type":"ListItem","position":1,"name":"Accueil","item":"https:\/\/verra-courbevoie.fr\/"},{"@type":"ListItem","position":2,"name":"Contact"}]},{"@type":"WebSite","@id":"https:\/\/verra-courbevoie.fr\/#website","url":"https:\/\/verra-courbevoie.fr\/","name":"Verra | Restaurant| Lounge-Bar","description":"","publisher":{"@id":"https:\/\/verra-courbevoie.fr\/#organization"},"potentialAction":[{"@type":"SearchAction","target":{"@type":"EntryPoint","urlTemplate":"https:\/\/verra-courbevoie.fr\/?s={search_term_string}"},"query-input":{"@type":"PropertyValueSpecification","valueRequired":true,"valueName":"search_term_string"}}],"inLanguage":"en-US"},{"@type":"Organization","@id":"https:\/\/verra-courbevoie.fr\/#organization","name":"See","url":"https:\/\/verra-courbevoie.fr\/","logo":{"@type":"ImageObject","inLanguage":"en-US","@id":"https:\/\/verra-courbevoie.fr\/#\/schema\/logo\/image\/","url":"https:\/\/verra-courbevoie.fr\/wp-content\/uploads\/2025\/04\/VERRA_LOGO_LOGOTYPE_COLOR_241218.svg","contentUrl":"https:\/\/verra-courbevoie.fr\/wp-content\/uploads\/2025\/04\/VERRA_LOGO_LOGOTYPE_COLOR_241218.svg","width":262,"height":67,"caption":"Verr\u00e4"},"image":{"@id":"https:\/\/verra-courbevoie.fr\/#\/schema\/logo\/image\/"},"sameAs":["https:\/\/www.instagram.com\/verra.courbevoie"]}]}},"_links":{"self":[{"href":"https:\/\/verra-courbevoie.fr\/en\/wp-json\/wp\/v2\/pages\/437","targetHints":{"allow":["GET"]}}],"collection":[{"href":"https:\/\/verra-courbevoie.fr\/en\/wp-json\/wp\/v2\/pages"}],"about":[{"href":"https:\/\/verra-courbevoie.fr\/en\/wp-json\/wp\/v2\/types\/page"}],"author":[{"embeddable":true,"href":"https:\/\/verra-courbevoie.fr\/en\/wp-json\/wp\/v2\/users\/1"}],"replies":[{"embeddable":true,"href":"https:\/\/verra-courbevoie.fr\/en\/wp-json\/wp\/v2\/comments?post=437"}],"version-history":[{"count":43,"href":"https:\/\/verra-courbevoie.fr\/en\/wp-json\/wp\/v2\/pages\/437\/revisions"}],"predecessor-version":[{"id":2865,"href":"https:\/\/verra-courbevoie.fr\/en\/wp-json\/wp\/v2\/pages\/437\/revisions\/2865"}],"wp:attachment":[{"href":"https:\/\/verra-courbevoie.fr\/en\/wp-json\/wp\/v2\/media?parent=437"}],"curies":[{"name":"wp","href":"https:\/\/api.w.org\/{rel}","templated":true}]}}