{"id":1409,"date":"2025-04-03T13:47:35","date_gmt":"2025-04-03T13:47:35","guid":{"rendered":"https:\/\/verra-courbevoie.fr\/?page_id=1409"},"modified":"2025-12-28T22:33:06","modified_gmt":"2025-12-28T22:33:06","slug":"reservation","status":"publish","type":"page","link":"https:\/\/verra-courbevoie.fr\/en\/reservation\/","title":{"rendered":"Reservation"},"content":{"rendered":"<div data-elementor-type=\"wp-page\" data-elementor-id=\"1409\" class=\"elementor elementor-1409\">\n\t\t\t\t\t\t<section class=\"elementor-section elementor-top-section elementor-element elementor-element-6b0d23f7 pt-section-content-fullwidth elementor-section-boxed elementor-section-height-default elementor-section-height-default wpr-particle-no wpr-jarallax-no wpr-parallax-no wpr-sticky-section-no wpr-equal-height-no\" data-id=\"6b0d23f7\" data-element_type=\"section\" data-e-type=\"section\" data-settings=\"{&quot;background_background&quot;:&quot;classic&quot;}\">\n\t\t\t\t\t\t<div class=\"elementor-container elementor-column-gap-no\">\n\t\t\t\t\t<div class=\"elementor-column elementor-col-33 elementor-top-column elementor-element elementor-element-414c56a9 dark-color\" data-id=\"414c56a9\" data-element_type=\"column\" data-e-type=\"column\" data-settings=\"{&quot;background_background&quot;:&quot;classic&quot;}\">\n\t\t\t<div class=\"elementor-widget-wrap elementor-element-populated\">\n\t\t\t\t\t<div class=\"elementor-background-overlay\"><\/div>\n\t\t\t\t\t\t<div class=\"elementor-element elementor-element-730827f4 elementor-widget elementor-widget-pt_title\" data-id=\"730827f4\" data-element_type=\"widget\" data-e-type=\"widget\" data-widget_type=\"pt_title.default\">\n\t\t\t\t<div class=\"elementor-widget-container\">\n\t\t\t\t\t\n        <div class=\"pt-title-wrap text-center\">\t            <h4 class=\"pt-title\">\n\t                Address\t            <\/h4>\t            <div class=\"pt-title-text\">\n\t                <p><a tabindex=\"0\" href=\"https:\/\/www.google.com\/maps\/place\/\/data=!4m2!3m1!1s0x47e66514adf8bb1d:0xcf989d9eef94b724?sa=X&amp;ved=1t:8290&amp;ictx=111\" data-url=\"\/maps\/place\/\/data=!4m2!3m1!1s0x47e66514adf8bb1d:0xcf989d9eef94b724?sa=X&amp;ved=2ahUKEwjnt4SnxLuMAxVcVqQEHfNQKWQQ4kB6BAggEAA\">28 Alma Street, <br \/>92400 Courbevoie<\/a><\/p><p>Such: <a href=\"tel:+33141187139\" data-dtype=\"d3ph\" data-local-attribute=\"d3ph\" data-ved=\"2ahUKEwjnt4SnxLuMAxVcVqQEHfNQKWQQkAgoAHoECEYQAw\"><span aria-label=\"Call 01 41 18 71 39\">01 41 18 71 39<\/span><\/a><br \/>Email: contact@verra-courbevoie.fr<\/p>\t            <\/div>                <div class=\"pt-title-btn\">\n                    <a class=\"button elementor-button-link pt-btn-underline\" role=\"button\" href=\"https:\/\/www.google.com\/maps\/place\/Verra+Courbevoie\/@48.8929245,2.2779738,13z\/data=!4m6!3m5!1s0x47e66514adf8bb1d:0xcf989d9eef94b724!8m2!3d48.896233!4d2.253495!16s%2Fg%2F11qr6b5r_k?entry=ttu&#038;g_ep=EgoyMDI1MDMzMS4wIKXMDSoASAFQAw%3D%3D\" target=\"_blank\" rel=\"nofollow\">\n                        <span class=\"pt-btn-text\">See the Itinerary<\/span>\n                    <\/a>\n                <\/div>\n                    <\/div>\t\t\t\t<\/div>\n\t\t\t\t<\/div>\n\t\t\t\t\t<\/div>\n\t\t<\/div>\n\t\t\t\t<div class=\"elementor-column elementor-col-33 elementor-top-column elementor-element elementor-element-eb99cb8 dark-color\" data-id=\"eb99cb8\" data-element_type=\"column\" data-e-type=\"column\" data-settings=\"{&quot;background_background&quot;:&quot;classic&quot;}\">\n\t\t\t<div class=\"elementor-widget-wrap elementor-element-populated\">\n\t\t\t\t\t<div class=\"elementor-background-overlay\"><\/div>\n\t\t\t\t\t\t<div class=\"elementor-element elementor-element-49fc4c83 elementor-widget elementor-widget-pt_title\" data-id=\"49fc4c83\" data-element_type=\"widget\" data-e-type=\"widget\" data-widget_type=\"pt_title.default\">\n\t\t\t\t<div class=\"elementor-widget-container\">\n\t\t\t\t\t\n        <div class=\"pt-title-wrap text-center\">\t            <div class=\"pt-subtitle-wrap\"><span class=\"pt-subtitle\">Online booking<\/span><\/div>\t            <h4 class=\"pt-title\">\n\t                To book\t            <\/h4>        <\/div>\t\t\t\t<\/div>\n\t\t\t\t<\/div>\n\t\t\t\t<div class=\"elementor-element elementor-element-a84a158 elementor-widget elementor-widget-html\" data-id=\"a84a158\" data-element_type=\"widget\" data-e-type=\"widget\" data-widget_type=\"html.default\">\n\t\t\t\t<div class=\"elementor-widget-container\">\n\t\t\t\t\t <!-- reservation widget -->\n<iframe src='https:\/\/bookings.zenchef.com\/results?rid=355197&pid=1001' frameborder='0' scrolling='yes' width='100%' height='630' style='display: block; margin: 0 auto; max-width: 600px; height:630px;'><\/iframe>\t\t\t\t<\/div>\n\t\t\t\t<\/div>\n\t\t\t\t\t<\/div>\n\t\t<\/div>\n\t\t\t\t<div class=\"elementor-column elementor-col-33 elementor-top-column elementor-element elementor-element-10f9f966 dark-color\" data-id=\"10f9f966\" data-element_type=\"column\" data-e-type=\"column\" data-settings=\"{&quot;background_background&quot;:&quot;classic&quot;}\">\n\t\t\t<div class=\"elementor-widget-wrap elementor-element-populated\">\n\t\t\t\t\t<div class=\"elementor-background-overlay\"><\/div>\n\t\t\t\t\t\t<div class=\"elementor-element elementor-element-19e7aeb7 elementor-widget elementor-widget-pt_title\" data-id=\"19e7aeb7\" data-element_type=\"widget\" data-e-type=\"widget\" data-widget_type=\"pt_title.default\">\n\t\t\t\t<div class=\"elementor-widget-container\">\n\t\t\t\t\t\n        <div class=\"pt-title-wrap text-center\">\t            <h4 class=\"pt-title\">\n\t                Hours of operation\t            <\/h4>\t            <div class=\"pt-title-text\">\n\t                <p>Monday<br>12pm \u2013 11pm<br>Tuesday to Friday<br>12pm \u2013 12am<br>SATURDAY<br>11am \u2013 12am<br>Sunday<br>9:30 am \u2013 5 pm<\/p>\n<p><strong>Happy Hours<\/strong><br>Monday \u2013 Friday<br>5pm \u2013 9pm<\/p>\n<p><strong>Happy Day<\/strong><br>SATURDAY<br>11am \u2013 11pm<\/p>\n<p><strong>Brunch<\/strong><br>Sunday<br>11:30 a.m. \u2013 2:30 p.m.<\/p>\t            <\/div>        <\/div>\t\t\t\t<\/div>\n\t\t\t\t<\/div>\n\t\t\t\t\t<\/div>\n\t\t<\/div>\n\t\t\t\t\t<\/div>\n\t\t<\/section>\n\t\t\t\t<\/div>","protected":false},"excerpt":{"rendered":"<p>Address: 28 Rue de l&#039;Alma, 92400 Courbevoie Tel: 01 41 18 71 39 Email: contact@verra-courbevoie.fr Get Directions Online Booking Book Now Opening Hours Monday 12pm \u2013 11pm Tuesday to Friday 12pm \u2013 12am Saturday 11am \u2013 12am Sunday 9:30am \u2013 5pm Happy Hour Monday \u2013 Friday 5pm \u2013 9pm Happy Day Saturday 11am \u2013 11pm Brunch Sunday 11:30am \u2013 2:30pm<\/p>","protected":false},"author":1,"featured_media":0,"parent":0,"menu_order":0,"comment_status":"closed","ping_status":"closed","template":"template-wide-content.php","meta":{"inline_featured_image":false,"patiotime_single_page_hide_site_header":"","patiotime_single_page_site_header_source":"","patiotime_single_page_custom_site_header":"0","patiotime_single_page_custom_sticky_site_header":"0","patiotime_single_page_custom_page_title_margin_top_source":"","patiotime_single_page_custom_page_title_desktop_margin_top":"","patiotime_single_page_custom_page_title_tablet_margin_top":"","patiotime_single_page_custom_page_title_mobile_margin_top":"","patiotime_single_page_hide_page_title":"","patiotime_single_page_header_section_size":"","patiotime_single_page_header_background_color":"","patiotime_single_page_header_background_position_x":"center","patiotime_single_page_header_background_position_y":"center","patiotime_single_page_header_background_size":"cover","patiotime_single_page_header_background_repeat":"off","patiotime_single_page_header_background_scroll":"on","patiotime_single_page_header_text_color":"","patiotime_single_page_header_show_breadcrumb":"","patiotime_single_page_site_footer_hide_main":"","patiotime_single_custom_site_footer_main_source":"","patiotime_single_custom_site_footer_main":"0","patiotime_single_page_site_footer_hide_above":"","patiotime_single_custom_site_footer_above_source":"","patiotime_single_custom_site_footer_above":"0","patiotime_single_page_site_footer_hide_instagram":"","patiotime_single_page_site_footer_hide_bottom":"","patiotime_single_custom_mobile_menu_source":"","patiotime_single_custom_mobile_menu":"0","patiotime_single_custom_mobile_menu_animation":"","patiotime_single_custom_mobile_menu_width":"","patiotime_single_custom_mobile_menu_custom_width":375,"footnotes":""},"class_list":["post-1409","page","type-page","status-publish","hentry"],"yoast_head":"<!-- This site is optimized with the Yoast SEO plugin v26.6 - https:\/\/yoast.com\/wordpress\/plugins\/seo\/ -->\n<title>R\u00e9servation - Verr\u00e4 | Bar-Lounge<\/title>\n<meta name=\"description\" content=\"R\u00e9servez une table chez Verr\u00e4 : une exp\u00e9rience culinaire avec go\u00fbt et attention. R\u00e9servation facile en ligne, disponible 7j\/7.\" \/>\n<meta name=\"robots\" content=\"index, follow, max-snippet:-1, max-image-preview:large, max-video-preview:-1\" \/>\n<link rel=\"canonical\" href=\"https:\/\/verra-courbevoie.fr\/en\/reservation\/\" \/>\n<meta property=\"og:locale\" content=\"en_US\" \/>\n<meta property=\"og:type\" content=\"article\" \/>\n<meta property=\"og:title\" content=\"R\u00e9servation - Verr\u00e4 | Bar-Lounge\" \/>\n<meta property=\"og:description\" content=\"R\u00e9servez une table chez Verr\u00e4 : une exp\u00e9rience culinaire avec go\u00fbt et attention. R\u00e9servation facile en ligne, disponible 7j\/7.\" \/>\n<meta property=\"og:url\" content=\"https:\/\/verra-courbevoie.fr\/en\/reservation\/\" \/>\n<meta property=\"og:site_name\" content=\"Verr\u00e4 | Bar-Lounge\" \/>\n<meta property=\"article:modified_time\" content=\"2025-12-28T22:33:06+00:00\" \/>\n<meta name=\"twitter:card\" content=\"summary_large_image\" \/>\n<meta name=\"twitter:label1\" content=\"Est. reading time\" \/>\n\t<meta name=\"twitter:data1\" content=\"1 minute\" \/>\n<script type=\"application\/ld+json\" class=\"yoast-schema-graph\">{\"@context\":\"https:\/\/schema.org\",\"@graph\":[{\"@type\":\"WebPage\",\"@id\":\"https:\/\/verra-courbevoie.fr\/reservation\/\",\"url\":\"https:\/\/verra-courbevoie.fr\/reservation\/\",\"name\":\"R\u00e9servation - Verr\u00e4 | Bar-Lounge\",\"isPartOf\":{\"@id\":\"https:\/\/verra-courbevoie.fr\/#website\"},\"datePublished\":\"2025-04-03T13:47:35+00:00\",\"dateModified\":\"2025-12-28T22:33:06+00:00\",\"description\":\"R\u00e9servez une table chez Verr\u00e4 : une exp\u00e9rience culinaire avec go\u00fbt et attention. R\u00e9servation facile en ligne, disponible 7j\/7.\",\"breadcrumb\":{\"@id\":\"https:\/\/verra-courbevoie.fr\/reservation\/#breadcrumb\"},\"inLanguage\":\"en-US\",\"potentialAction\":[{\"@type\":\"ReadAction\",\"target\":[\"https:\/\/verra-courbevoie.fr\/reservation\/\"]}]},{\"@type\":\"BreadcrumbList\",\"@id\":\"https:\/\/verra-courbevoie.fr\/reservation\/#breadcrumb\",\"itemListElement\":[{\"@type\":\"ListItem\",\"position\":1,\"name\":\"Accueil\",\"item\":\"https:\/\/verra-courbevoie.fr\/\"},{\"@type\":\"ListItem\",\"position\":2,\"name\":\"R\u00e9servation\"}]},{\"@type\":\"WebSite\",\"@id\":\"https:\/\/verra-courbevoie.fr\/#website\",\"url\":\"https:\/\/verra-courbevoie.fr\/\",\"name\":\"Verr\u00e4 | Restaurant| Lounge-Bar\",\"description\":\"\",\"publisher\":{\"@id\":\"https:\/\/verra-courbevoie.fr\/#organization\"},\"potentialAction\":[{\"@type\":\"SearchAction\",\"target\":{\"@type\":\"EntryPoint\",\"urlTemplate\":\"https:\/\/verra-courbevoie.fr\/?s={search_term_string}\"},\"query-input\":{\"@type\":\"PropertyValueSpecification\",\"valueRequired\":true,\"valueName\":\"search_term_string\"}}],\"inLanguage\":\"en-US\"},{\"@type\":\"Organization\",\"@id\":\"https:\/\/verra-courbevoie.fr\/#organization\",\"name\":\"Verr\u00e4\",\"url\":\"https:\/\/verra-courbevoie.fr\/\",\"logo\":{\"@type\":\"ImageObject\",\"inLanguage\":\"en-US\",\"@id\":\"https:\/\/verra-courbevoie.fr\/#\/schema\/logo\/image\/\",\"url\":\"https:\/\/verra-courbevoie.fr\/wp-content\/uploads\/2025\/04\/VERRA_LOGO_LOGOTYPE_COLOR_241218.svg\",\"contentUrl\":\"https:\/\/verra-courbevoie.fr\/wp-content\/uploads\/2025\/04\/VERRA_LOGO_LOGOTYPE_COLOR_241218.svg\",\"width\":262,\"height\":67,\"caption\":\"Verr\u00e4\"},\"image\":{\"@id\":\"https:\/\/verra-courbevoie.fr\/#\/schema\/logo\/image\/\"},\"sameAs\":[\"https:\/\/www.instagram.com\/verra.courbevoie\"]}]}<\/script>\n<!-- \/ Yoast SEO plugin. -->","yoast_head_json":{"title":"Reservations - Verr\u00e4 | Bar-Lounge","description":"Book a table at Verr\u00e4: a culinary experience with taste and attention to detail. Easy online booking, available 7 days a week.","robots":{"index":"index","follow":"follow","max-snippet":"max-snippet:-1","max-image-preview":"max-image-preview:large","max-video-preview":"max-video-preview:-1"},"canonical":"https:\/\/verra-courbevoie.fr\/en\/reservation\/","og_locale":"en_US","og_type":"article","og_title":"R\u00e9servation - Verr\u00e4 | Bar-Lounge","og_description":"R\u00e9servez une table chez Verr\u00e4 : une exp\u00e9rience culinaire avec go\u00fbt et attention. R\u00e9servation facile en ligne, disponible 7j\/7.","og_url":"https:\/\/verra-courbevoie.fr\/en\/reservation\/","og_site_name":"Verr\u00e4 | Bar-Lounge","article_modified_time":"2025-12-28T22:33:06+00:00","twitter_card":"summary_large_image","twitter_misc":{"Est. reading time":"1 minute"},"schema":{"@context":"https:\/\/schema.org","@graph":[{"@type":"WebPage","@id":"https:\/\/verra-courbevoie.fr\/reservation\/","url":"https:\/\/verra-courbevoie.fr\/reservation\/","name":"Reservations - Verr\u00e4 | Bar-Lounge","isPartOf":{"@id":"https:\/\/verra-courbevoie.fr\/#website"},"datePublished":"2025-04-03T13:47:35+00:00","dateModified":"2025-12-28T22:33:06+00:00","description":"Book a table at Verr\u00e4: a culinary experience with taste and attention to detail. Easy online booking, available 7 days a week.","breadcrumb":{"@id":"https:\/\/verra-courbevoie.fr\/reservation\/#breadcrumb"},"inLanguage":"en-US","potentialAction":[{"@type":"ReadAction","target":["https:\/\/verra-courbevoie.fr\/reservation\/"]}]},{"@type":"BreadcrumbList","@id":"https:\/\/verra-courbevoie.fr\/reservation\/#breadcrumb","itemListElement":[{"@type":"ListItem","position":1,"name":"Accueil","item":"https:\/\/verra-courbevoie.fr\/"},{"@type":"ListItem","position":2,"name":"R\u00e9servation"}]},{"@type":"WebSite","@id":"https:\/\/verra-courbevoie.fr\/#website","url":"https:\/\/verra-courbevoie.fr\/","name":"Verra | Restaurant| Lounge-Bar","description":"","publisher":{"@id":"https:\/\/verra-courbevoie.fr\/#organization"},"potentialAction":[{"@type":"SearchAction","target":{"@type":"EntryPoint","urlTemplate":"https:\/\/verra-courbevoie.fr\/?s={search_term_string}"},"query-input":{"@type":"PropertyValueSpecification","valueRequired":true,"valueName":"search_term_string"}}],"inLanguage":"en-US"},{"@type":"Organization","@id":"https:\/\/verra-courbevoie.fr\/#organization","name":"See","url":"https:\/\/verra-courbevoie.fr\/","logo":{"@type":"ImageObject","inLanguage":"en-US","@id":"https:\/\/verra-courbevoie.fr\/#\/schema\/logo\/image\/","url":"https:\/\/verra-courbevoie.fr\/wp-content\/uploads\/2025\/04\/VERRA_LOGO_LOGOTYPE_COLOR_241218.svg","contentUrl":"https:\/\/verra-courbevoie.fr\/wp-content\/uploads\/2025\/04\/VERRA_LOGO_LOGOTYPE_COLOR_241218.svg","width":262,"height":67,"caption":"Verr\u00e4"},"image":{"@id":"https:\/\/verra-courbevoie.fr\/#\/schema\/logo\/image\/"},"sameAs":["https:\/\/www.instagram.com\/verra.courbevoie"]}]}},"_links":{"self":[{"href":"https:\/\/verra-courbevoie.fr\/en\/wp-json\/wp\/v2\/pages\/1409","targetHints":{"allow":["GET"]}}],"collection":[{"href":"https:\/\/verra-courbevoie.fr\/en\/wp-json\/wp\/v2\/pages"}],"about":[{"href":"https:\/\/verra-courbevoie.fr\/en\/wp-json\/wp\/v2\/types\/page"}],"author":[{"embeddable":true,"href":"https:\/\/verra-courbevoie.fr\/en\/wp-json\/wp\/v2\/users\/1"}],"replies":[{"embeddable":true,"href":"https:\/\/verra-courbevoie.fr\/en\/wp-json\/wp\/v2\/comments?post=1409"}],"version-history":[{"count":43,"href":"https:\/\/verra-courbevoie.fr\/en\/wp-json\/wp\/v2\/pages\/1409\/revisions"}],"predecessor-version":[{"id":2462,"href":"https:\/\/verra-courbevoie.fr\/en\/wp-json\/wp\/v2\/pages\/1409\/revisions\/2462"}],"wp:attachment":[{"href":"https:\/\/verra-courbevoie.fr\/en\/wp-json\/wp\/v2\/media?parent=1409"}],"curies":[{"name":"wp","href":"https:\/\/api.w.org\/{rel}","templated":true}]}}